{"id":4046,"date":"2014-07-07T18:27:42","date_gmt":"2014-07-07T16:27:42","guid":{"rendered":"http:\/\/www.fanatico-boys.de\/?page_id=4046"},"modified":"2019-10-29T15:18:42","modified_gmt":"2019-10-29T13:18:42","slug":"societas","status":"publish","type":"page","link":"https:\/\/www.fanatico-boys.de\/?page_id=4046","title":{"rendered":"Societas"},"content":{"rendered":"\n<p>Auch wenn der Fu\u00dfball immer noch ein m\u00e4nnerdominierter Sport ist, gibt es nicht wenig Frauen, die sich ebenso f\u00fcr diesen Sport interessieren und Woche f\u00fcr Woche in die Stadien des Landes pilgern. Dabei werden sie allerdings oft bel\u00e4chelt oder anders behandelt als m\u00e4nnliche Fu\u00dfballfans. Gerade f\u00fcr Frauen ist es h\u00e4ufig besonders schwer Anschluss an die jeweilige aktive Fanszene zu bekommen. Genau an diesem Punkt wollen wir als Societas Heidenheim ansetzen, denn obwohl die Frauenquote auf der Osttrib\u00fcne vergleichsweise hoch ist, wissen wir aus eigener Erfahrung, wie schwer es sein kann, Anschluss im Block zu finden. Deshalb wollen wir als Ansprechpartnerinnen f\u00fcr alle fu\u00dfballbegeisterte Heidenheimerinnen fungieren, die sich f\u00fcr den aktiven Support und das ultraorientierte Gruppenleben interessieren. Unser Ziel ist es, jungen Frauen den Einstieg in die aktive Fanszene zu erleichtern und dar\u00fcber hinaus, dass weibliche Fu\u00dfballfans nicht als Seltenheit, sondern als Selbstverst\u00e4ndlichkeit im und neben dem Stadion wahrgenommen werden \u2013 schlie\u00dflich ist Fu\u00dfball f\u00fcr alle da! <br>Um dieses Ziel zu erreichen haben 2014 vier junge Heidenheimerinnen unsere Gruppe gegr\u00fcndet, die nun neben den Youngstars die weibliche Nachwuchsgruppe der Fanatico Boys bildet. Seitdem versuchen wir Woche f\u00fcr Woche unseren Fu\u00dfballclub im heimischen Albstadion und in der Fremde lautstark zu unterst\u00fctzen. Dar\u00fcber hinaus engagieren wir uns in den Anliegen unsere Hauptgruppe und bringen uns z.B. bei der Choreovorbereitung, im BlockGschw\u00e4tz oder im Rot-Blauen-Herz ein. Nat\u00fcrlich agieren wir auch als selbstst\u00e4ndige Gruppe und planen unsere eigenen Aktionen wie beispielsweise unsere erste eigene Choreo im Dezember 2015 gegen den 1. FC N\u00fcrnberg. <\/p>\n\n\n\n<p>Da die Entstehung einer eigenst\u00e4ndigen und bewusst weiblichen\nGruppe oft kritisch gesehen wird, bekommen wir h\u00e4ufig die Frage gestellt, ob\ndurch eine rein weibliche Gruppe die Geschlechtertrennung nicht noch weiter\nverst\u00e4rkt wird. Unserer Meinung nach, ist dies nicht der Fall, da durch eine\nm\u00f6gliche Aufnahme in unsere Hauptgruppe keine strikte Trennung nach Geschlecht\nvorgenommen wird. Unser Ziel ist es deshalb nicht, uns klar von den Jungs\nabzugrenzen, sondern wir versuchen als weibliche Nachwuchsgruppe im Stadion\nsichtbar zu sein, um interessierten M\u00e4dels den Weg in die Fanszene zu\nerleichtern und f\u00fcr deren Anliegen ansprechbar zu sein. Deshalb ist bei einer\nm\u00f6glichen Aufnahme in die Hauptgruppe auch nicht das Geschlecht, sondern der\nEinsatz f\u00fcr unseren Fu\u00dfballclub entscheidend. Wir versuchen damit die Vorteile\naus beiden Systemen zu nutzen und auf unsere Art weibliche Fu\u00dfballfans zur\nSelbstverst\u00e4ndlichkeit im (Alb-) Stadion werden zu lassen und unsere Fanszene\nauf eine breite Basis zu stellen. Nat\u00fcrlich versuchen wir zusammen mit\nYoungstars m\u00f6glichst viele junge Menschen davon zu begeistern, sich aktiv in\nunsere Szene einzubringen und mit uns die Leidenschaft zum Fu\u00dfball zu teilen,\nsodass wir gemeinsam wachsen k\u00f6nnen. <\/p>\n\n\n\n<p>Als Gruppe\nist es uns besonders wichtig, uns st\u00e4ndig weiter zu entwickeln und nach M\u00f6glichkeit\nauch weiter zu wachsen. Dementsprechend sind wir auf neue Mitglieder\nangewiesen. Falls wir also dein Interesse geweckt haben sollten, z\u00f6gere nicht\nuns im Stadion anzusprechen oder die bekannten Personen nach uns zu fragen. Wir\nfreuen uns immer wieder neue Gesichter kennen zu lernen. Dabei ist es egal, wie\nalt du bist oder wie lange du schon unseren Fu\u00dfballclub im Stadion unterst\u00fctzt.\nDie einzige Voraussetzung ist der Spa\u00df am Fu\u00dfball sowie die Leidenschaft zu\nunserem FCH. Selbstverst\u00e4ndlich kannst du auch erstmal schriftlich zu uns\nKontakt aufnehmen und deine Fragen, Kritik oder Anliegen loswerden. Du\nerreichst uns unter: <a href=\"mailto:societas@fanatico-boys.de\">societas@fanatico-boys.de<\/a>\n<\/p>\n\n\n\n<p>Societas\nHeidenheim<\/p>\n","protected":false},"excerpt":{"rendered":"<p>Auch wenn der Fu\u00dfball immer noch ein m\u00e4nnerdominierter Sport ist, gibt es nicht wenig Frauen, die sich ebenso f\u00fcr diesen Sport interessieren und Woche f\u00fcr Woche in die Stadien des Landes pilgern. Dabei werden sie allerdings oft bel\u00e4chelt oder anders &hellip; <a href=\"https:\/\/www.fanatico-boys.de\/?page_id=4046\">Weiterlesen <span class=\"meta-nav\">&rarr;<\/span><\/a><\/p>\n","protected":false},"author":3,"featured_media":9128,"parent":68,"menu_order":2,"comment_status":"open","ping_status":"open","template":"","meta":{"footnotes":""},"class_list":["post-4046","page","type-page","status-publish","has-post-thumbnail","hentry"],"_links":{"self":[{"href":"https:\/\/www.fanatico-boys.de\/index.php?rest_route=\/wp\/v2\/pages\/4046","targetHints":{"allow":["GET"]}}],"collection":[{"href":"https:\/\/www.fanatico-boys.de\/index.php?rest_route=\/wp\/v2\/pages"}],"about":[{"href":"https:\/\/www.fanatico-boys.de\/index.php?rest_route=\/wp\/v2\/types\/page"}],"author":[{"embeddable":true,"href":"https:\/\/www.fanatico-boys.de\/index.php?rest_route=\/wp\/v2\/users\/3"}],"replies":[{"embeddable":true,"href":"https:\/\/www.fanatico-boys.de\/index.php?rest_route=%2Fwp%2Fv2%2Fcomments&post=4046"}],"version-history":[{"count":10,"href":"https:\/\/www.fanatico-boys.de\/index.php?rest_route=\/wp\/v2\/pages\/4046\/revisions"}],"predecessor-version":[{"id":8737,"href":"https:\/\/www.fanatico-boys.de\/index.php?rest_route=\/wp\/v2\/pages\/4046\/revisions\/8737"}],"up":[{"embeddable":true,"href":"https:\/\/www.fanatico-boys.de\/index.php?rest_route=\/wp\/v2\/pages\/68"}],"wp:featuredmedia":[{"embeddable":true,"href":"https:\/\/www.fanatico-boys.de\/index.php?rest_route=\/wp\/v2\/media\/9128"}],"wp:attachment":[{"href":"https:\/\/www.fanatico-boys.de\/index.php?rest_route=%2Fwp%2Fv2%2Fmedia&parent=4046"}],"curies":[{"name":"wp","href":"https:\/\/api.w.org\/{rel}","templated":true}]}}